{"id":13,"date":"2026-01-10T00:21:48","date_gmt":"2026-01-10T00:21:48","guid":{"rendered":"https:\/\/kydefoamer.com\/?page_id=13"},"modified":"2026-01-10T00:21:48","modified_gmt":"2026-01-10T00:21:48","slug":"projekta-informacija","status":"publish","type":"page","link":"https:\/\/kydefoamer.com\/lv\/project-details\/","title":{"rendered":"Projekta inform\u0101cija"},"content":{"rendered":"<div class=\"wp-block-cover alignfull\" style=\"min-height:320px;aspect-ratio:unset;\"><span aria-hidden=\"true\" class=\"wp-block-cover__background has-nv-site-bg-background-color has-background-dim-100 has-background-dim\"><\/span><div class=\"wp-block-cover__inner-container is-layout-flow wp-block-cover-is-layout-flow\">\n<div class=\"wp-block-group is-layout-flow wp-block-group-is-layout-flow\" style=\"padding-right:var(--wp--preset--spacing--30);padding-left:var(--wp--preset--spacing--30)\">\n<div class=\"wp-block-columns are-vertically-aligned-center is-layout-flex wp-container-core-columns-is-layout-28f84493 wp-block-columns-is-layout-flex\">\n<div class=\"wp-block-column is-vertically-aligned-center is-layout-flow wp-block-column-is-layout-flow\" style=\"flex-basis:70%\">\n<div style=\"height:24px\" aria-hidden=\"true\" class=\"wp-block-spacer\"><\/div>\n\n\n\n<h1 class=\"wp-block-heading has-text-align-left has-neve-text-color-color has-text-color\">M\u0101rketinga strat\u0113\u0123ija<\/h1>\n\n\n\n<p class=\"has-neve-text-color-color has-text-color\" style=\"font-size:clamp(14.642px, 0.915rem + ((1vw - 3.2px) * 0.721), 22px);px\">K\u0101 m\u0113s pal\u012bdz\u0113j\u0101m uz\u0146\u0113mumam Dimero izveidot m\u0101rketinga strat\u0113\u0123iju un z\u012bmolam atbilsto\u0161u t\u012bmek\u013ca vietni, kas p\u0101rv\u0113r\u0161 apmekl\u0113t\u0101jus par klientiem.<\/p>\n<\/div>\n\n\n\n<div class=\"wp-block-column is-vertically-aligned-center is-layout-flow wp-block-column-is-layout-flow\" style=\"flex-basis:30%\"><\/div>\n<\/div>\n<\/div>\n<\/div><\/div>\n\n\n\n<div class=\"wp-block-cover alignfull\" style=\"min-height:600px;aspect-ratio:unset;\"><span aria-hidden=\"true\" class=\"wp-block-cover__background has-nv-light-bg-background-color has-background-dim-100 has-background-dim\"><\/span><div class=\"wp-block-cover__inner-container is-layout-flow wp-block-cover-is-layout-flow\">\n<div class=\"wp-block-group is-layout-flow wp-block-group-is-layout-flow\">\n<div style=\"height:80px\" aria-hidden=\"true\" class=\"wp-block-spacer\"><\/div>\n\n\n\n<div class=\"wp-block-cover alignwide has-custom-content-position is-position-bottom-left\" style=\"border-radius:32px;padding-top:var(--wp--preset--spacing--60);padding-right:var(--wp--preset--spacing--60);padding-bottom:var(--wp--preset--spacing--60);padding-left:var(--wp--preset--spacing--60);min-height:500px;aspect-ratio:unset;\"><span aria-hidden=\"true\" class=\"wp-block-cover__background has-neve-link-color-background-color has-background-dim\"><\/span><img decoding=\"async\" class=\"wp-block-cover__image-background wp-image-746\" alt=\"\" src=\"https:\/\/kydefoamer.com\/wp-content\/themes\/neve\/assets\/img\/starter-content\/neve-marketing-agency-22.png\" style=\"object-position:50% 0%\" data-object-fit=\"cover\" data-object-position=\"50% 0%\"\/><div class=\"wp-block-cover__inner-container is-layout-flow wp-block-cover-is-layout-flow\">\n<p class=\"has-text-align-center has-large-font-size\"><\/p>\n<\/div><\/div>\n\n\n\n<div style=\"height:60px\" aria-hidden=\"true\" class=\"wp-block-spacer\"><\/div>\n\n\n\n<div class=\"wp-block-columns is-layout-flex wp-container-core-columns-is-layout-28f84493 wp-block-columns-is-layout-flex\">\n<div class=\"wp-block-column is-layout-flow wp-block-column-is-layout-flow\" style=\"padding-right:var(--wp--preset--spacing--30);padding-left:var(--wp--preset--spacing--30);flex-basis:67%\">\n<p class=\"has-neve-text-color-color has-text-color\">Tuv\u0101k met\u0101lam mums ir j\u0101p\u0101rvalda \u0161ie zemas kvalit\u0101tes aug\u013ci, bet kvantit\u0101te un j\u0101veicina inform\u0113t\u012bba un iesaist\u012b\u0161an\u0101s p\u0113c palai\u0161anas. Tuv\u0101k met\u0101lam mums ir j\u0101p\u0101rvalda \u0161is zemais auglis, bet kvantit\u0101te un j\u0101pan\u0101k inform\u0113t\u012bba, lai palielin\u0101tu iesaist\u012b\u0161anos p\u0113c palai\u0161anas. Banh mi pour-over messenger bag subal n\u0101kam\u0101 l\u012bme\u0146a, blogs \u0113tiska metro fl\u012bzes neatkar\u012bgi. Cupping williamsburg meh yuccie. Ugh chillwave veste aktiv\u0113t\u0101 ogle, scenester grailed shoreditch. Big mood mustache shabby chic activated charcoal helvetica su.<\/p>\n\n\n\n<div class=\"wp-block-buttons has-custom-font-size has-small-font-size is-content-justification-left is-layout-flex wp-container-core-buttons-is-layout-fc4fd283 wp-block-buttons-is-layout-flex\">\n<div class=\"wp-block-button has-custom-font-size is-style-default\" style=\"font-size:clamp(14px, 0.875rem + ((1vw - 3.2px) * 0.196), 16px);\"><a class=\"wp-block-button__link has-nv-text-dark-bg-color has-neve-link-color-background-color has-text-color has-background has-link-color wp-element-button\" href=\"https:\/\/kydefoamer.com\/lv\/projekta-informacija\/\">Apmekl\u0113t t\u012bmek\u013ca vietni<\/a><\/div>\n<\/div>\n\n\n\n<div style=\"height:24px\" aria-hidden=\"true\" class=\"wp-block-spacer\"><\/div>\n\n\n\n<div style=\"height:24px\" aria-hidden=\"true\" class=\"wp-block-spacer\"><\/div>\n\n\n\n<div style=\"height:24px\" aria-hidden=\"true\" class=\"wp-block-spacer\"><\/div>\n<\/div>\n\n\n\n<div class=\"wp-block-column is-layout-flow wp-block-column-is-layout-flow\" style=\"padding-right:var(--wp--preset--spacing--30);padding-left:var(--wp--preset--spacing--30);flex-basis:34%\">\n<p class=\"has-neve-text-color-color has-text-color\">\u201cTikai da\u017eu m\u0113ne\u0161u laik\u0101 iev\u0113rojami palielin\u0101j\u0101s t\u012bmek\u013ca vietnes apmekl\u0113t\u012bba un p\u0101rdo\u0161anas apjomi.\u201d<\/p>\n\n\n\n<figure class=\"wp-block-image size-full is-resized is-style-rounded\"><img decoding=\"async\" src=\"https:\/\/kydefoamer.com\/wp-content\/themes\/neve\/assets\/img\/starter-content\/neve-marketing-agency-04.png\" alt=\"\" style=\"width:80px;height:80px\"\/><\/figure>\n\n\n\n<div style=\"height:24px\" aria-hidden=\"true\" class=\"wp-block-spacer\"><\/div>\n\n\n\n<p class=\"has-neve-text-color-color has-text-color has-small-font-size\"><strong>JANET MORRIS<\/strong><\/p>\n<\/div>\n<\/div>\n\n\n\n<div style=\"height:40px\" aria-hidden=\"true\" class=\"wp-block-spacer\"><\/div>\n<\/div>\n<\/div><\/div>\n\n\n\n<div class=\"wp-block-cover alignfull\" style=\"min-height:600px;aspect-ratio:unset;\"><span aria-hidden=\"true\" class=\"wp-block-cover__background has-nv-site-bg-background-color has-background-dim-100 has-background-dim\"><\/span><div class=\"wp-block-cover__inner-container is-layout-flow wp-block-cover-is-layout-flow\">\n<div class=\"wp-block-group is-layout-flow wp-block-group-is-layout-flow\">\n<div style=\"height:80px\" aria-hidden=\"true\" class=\"wp-block-spacer\"><\/div>\n\n\n\n<h2 class=\"wp-block-heading has-neve-text-color-color has-text-color\">Citi projekti<\/h2>\n\n\n\n<div style=\"height:20px\" aria-hidden=\"true\" class=\"wp-block-spacer\"><\/div>\n\n\n\n<div class=\"wp-block-columns are-vertically-aligned-center is-layout-flex wp-container-core-columns-is-layout-28f84493 wp-block-columns-is-layout-flex\">\n<div class=\"wp-block-column is-vertically-aligned-center is-layout-flow wp-block-column-is-layout-flow\" style=\"padding-right:var(--wp--preset--spacing--30);padding-left:var(--wp--preset--spacing--30);flex-basis:50%\">\n<figure class=\"wp-block-image size-full has-custom-border\"><a href=\"#\"><img decoding=\"async\" src=\"https:\/\/kydefoamer.com\/wp-content\/themes\/neve\/assets\/img\/starter-content\/neve-marketing-agency-15.png\" alt=\"\" style=\"border-radius:24px\"\/><\/a><\/figure>\n\n\n\n<div style=\"height:24px\" aria-hidden=\"true\" class=\"wp-block-spacer\"><\/div>\n\n\n\n<h3 class=\"wp-block-heading has-text-align-left has-text-align-center has-neve-text-color-color has-text-color\">M\u0101rketinga strat\u0113\u0123ija<\/h3>\n\n\n\n<div style=\"height:40px\" aria-hidden=\"true\" class=\"wp-block-spacer\"><\/div>\n<\/div>\n\n\n\n<div class=\"wp-block-column is-vertically-aligned-center is-layout-flow wp-block-column-is-layout-flow\" style=\"padding-right:var(--wp--preset--spacing--30);padding-left:var(--wp--preset--spacing--30);flex-basis:50%\">\n<figure class=\"wp-block-image size-full has-custom-border\"><a href=\"#\"><img decoding=\"async\" src=\"https:\/\/kydefoamer.com\/wp-content\/themes\/neve\/assets\/img\/starter-content\/neve-marketing-agency-12.png\" alt=\"\" style=\"border-radius:24px\"\/><\/a><\/figure>\n\n\n\n<div style=\"height:24px\" aria-hidden=\"true\" class=\"wp-block-spacer\"><\/div>\n\n\n\n<h3 class=\"wp-block-heading has-text-align-left has-text-align-center has-neve-text-color-color has-text-color\">P\u0101rtikas \u017eurn\u0101la rekl\u0101ma<\/h3>\n\n\n\n<div style=\"height:40px\" aria-hidden=\"true\" class=\"wp-block-spacer\"><\/div>\n<\/div>\n\n\n\n<div class=\"wp-block-column is-vertically-aligned-center is-layout-flow wp-block-column-is-layout-flow\" style=\"padding-right:var(--wp--preset--spacing--30);padding-left:var(--wp--preset--spacing--30);flex-basis:50%\">\n<figure class=\"wp-block-image size-full has-custom-border\"><a href=\"#\"><img decoding=\"async\" src=\"https:\/\/kydefoamer.com\/wp-content\/themes\/neve\/assets\/img\/starter-content\/neve-marketing-agency-17.png\" alt=\"\" style=\"border-radius:24px\"\/><\/a><\/figure>\n\n\n\n<div style=\"height:24px\" aria-hidden=\"true\" class=\"wp-block-spacer\"><\/div>\n\n\n\n<h3 class=\"wp-block-heading has-text-align-left has-text-align-center has-neve-text-color-color has-text-color\">Ietekm\u0113t\u0101ju m\u0101rketings<\/h3>\n\n\n\n<div style=\"height:40px\" aria-hidden=\"true\" class=\"wp-block-spacer\"><\/div>\n<\/div>\n<\/div>\n\n\n\n<div style=\"height:40px\" aria-hidden=\"true\" class=\"wp-block-spacer\"><\/div>\n<\/div>\n<\/div><\/div>\n\n\n\n<div class=\"wp-block-cover alignfull\" style=\"min-height:300px;aspect-ratio:unset;\"><span aria-hidden=\"true\" class=\"wp-block-cover__background has-neve-link-color-background-color has-background-dim-100 has-background-dim\"><\/span><div class=\"wp-block-cover__inner-container is-layout-flow wp-block-cover-is-layout-flow\">\n<div style=\"height:140px\" aria-hidden=\"true\" class=\"wp-block-spacer\"><\/div>\n\n\n\n<div class=\"wp-block-columns is-layout-flex wp-container-core-columns-is-layout-28f84493 wp-block-columns-is-layout-flex\">\n<div class=\"wp-block-column is-layout-flow wp-block-column-is-layout-flow\" style=\"flex-basis:20%\"><\/div>\n\n\n\n<div class=\"wp-block-column is-layout-flow wp-block-column-is-layout-flow\" style=\"flex-basis:60%\">\n<div class=\"wp-block-group has-global-padding is-layout-constrained wp-block-group-is-layout-constrained\">\n<h2 class=\"wp-block-heading has-text-align-center has-nv-text-dark-bg-color has-text-color\">Str\u0101d\u0101sim kop\u0101 pie j\u016bsu n\u0101kam\u0101 m\u0101rketinga projekta<\/h2>\n\n\n\n<p class=\"has-text-align-center has-nv-text-dark-bg-color has-text-color has-link-color wp-elements-437524f22ca676384a702686ff01f285\">Lorem ipsum dolor sit amet, consectetur adipiscing elit. Ut elit tellus, luctus <br>nec ullamcorper mattis, pulvinar dapibus leo.<\/p>\n\n\n\n<div class=\"wp-block-buttons is-horizontal is-content-justification-center is-layout-flex wp-container-core-buttons-is-layout-03627597 wp-block-buttons-is-layout-flex\">\n<div class=\"wp-block-button is-style-primary\"><a class=\"wp-block-button__link has-neve-link-color-color has-text-color has-background has-link-color wp-element-button\" href=\"https:\/\/kydefoamer.com\/lv\/contact\/\" style=\"background-color:#ffffff\">S\u0101kt<\/a><\/div>\n<\/div>\n<\/div>\n<\/div>\n\n\n\n<div class=\"wp-block-column is-layout-flow wp-block-column-is-layout-flow\" style=\"flex-basis:20%\"><\/div>\n<\/div>\n\n\n\n<div style=\"height:140px\" aria-hidden=\"true\" class=\"wp-block-spacer\"><\/div>\n<\/div><\/div>","protected":false},"excerpt":{"rendered":"","protected":false},"author":1,"featured_media":0,"parent":0,"menu_order":0,"comment_status":"closed","ping_status":"closed","template":"","meta":{"footnotes":""},"class_list":["post-13","page","type-page","status-publish","hentry"],"aioseo_notices":[],"_links":{"self":[{"href":"https:\/\/kydefoamer.com\/lv\/wp-json\/wp\/v2\/pages\/13","targetHints":{"allow":["GET"]}}],"collection":[{"href":"https:\/\/kydefoamer.com\/lv\/wp-json\/wp\/v2\/pages"}],"about":[{"href":"https:\/\/kydefoamer.com\/lv\/wp-json\/wp\/v2\/types\/page"}],"author":[{"embeddable":true,"href":"https:\/\/kydefoamer.com\/lv\/wp-json\/wp\/v2\/users\/1"}],"replies":[{"embeddable":true,"href":"https:\/\/kydefoamer.com\/lv\/wp-json\/wp\/v2\/comments?post=13"}],"version-history":[{"count":1,"href":"https:\/\/kydefoamer.com\/lv\/wp-json\/wp\/v2\/pages\/13\/revisions"}],"predecessor-version":[{"id":20,"href":"https:\/\/kydefoamer.com\/lv\/wp-json\/wp\/v2\/pages\/13\/revisions\/20"}],"wp:attachment":[{"href":"https:\/\/kydefoamer.com\/lv\/wp-json\/wp\/v2\/media?parent=13"}],"curies":[{"name":"wp","href":"https:\/\/api.w.org\/{rel}","templated":true}]}}